{"id":3,"date":"2023-08-19T09:24:22","date_gmt":"2023-08-19T09:24:22","guid":{"rendered":"http:\/\/nvg-realty.com\/?page_id=3"},"modified":"2025-04-25T13:06:52","modified_gmt":"2025-04-25T18:06:52","slug":"politicas-de-privacidad","status":"publish","type":"page","link":"https:\/\/nvg-realty.com\/en\/politicas-de-privacidad\/","title":{"rendered":"pol\u00edticas de privacidad"},"content":{"rendered":"<div class=\"wp-block-uagb-container uagb-block-7c5c7c2e alignfull uagb-is-root-container\"><div class=\"uagb-container-inner-blocks-wrap\">\n<div class=\"wp-block-uagb-advanced-heading uagb-block-f033e354\"><h2 class=\"uagb-heading-text\">pol\u00edticas de privacidad<\/h2><\/div>\n<\/div><\/div>\n\n\n\n<div class=\"wp-block-uagb-container uagb-block-6ab0f5d1 alignfull uagb-is-root-container\"><div class=\"uagb-container-inner-blocks-wrap\">\n<div class=\"wp-block-uagb-container uagb-block-fb6dd08c\">\n<div class=\"wp-block-uagb-advanced-heading uagb-block-26b544d7\"><h3 class=\"uagb-heading-text\"><strong>Informaci\u00f3n que Recopilamos<\/strong><\/h3><p class=\"uagb-desc-text\">Recopilamos informaci\u00f3n personal que t\u00fa nos proporcionas de forma directa a trav\u00e9s de formularios, encuestas o interacciones con nuestras campa\u00f1as. Esto puede incluir: Nombre completo, Direcci\u00f3n de correo electr\u00f3nico, N\u00famero de tel\u00e9fono, Informaci\u00f3n sobre tus intereses o necesidades hipotecarias.<br>Otra informaci\u00f3n relevante relacionada con asesoramiento financiero o vivienda.<\/p><\/div>\n\n\n\n<div class=\"wp-block-uagb-advanced-heading uagb-block-38223456\"><h3 class=\"uagb-heading-text\"><strong><strong>Uso de la Informaci\u00f3n<\/strong><\/strong><\/h3><p class=\"uagb-desc-text\">Utilizamos la informaci\u00f3n recopilada para los siguientes fines: Contactarte y ofrecerte asesor\u00eda personalizada en hipotecas. Responder a tus consultas y solicitudes.<br>Proveer servicios relevantes basados en tus necesidades.<br>Enviar informaci\u00f3n promocional, noticias o actualizaciones relacionadas con nuestros servicios (solo si das tu consentimiento).<br>Analizar y mejorar nuestro sitio web y las campa\u00f1as publicitarias.<\/p><\/div>\n\n\n\n<div class=\"wp-block-uagb-advanced-heading uagb-block-c94660b1\"><h3 class=\"uagb-heading-text\"><strong><strong><strong>Tus Derechos<\/strong><\/strong><\/strong><\/h3><p class=\"uagb-desc-text\">Tienes derecho a:<br>Acceder a los datos personales que tenemos sobre ti.<br>Solicitar la correcci\u00f3n o actualizaci\u00f3n de tu informaci\u00f3n.<br>Pedir la eliminaci\u00f3n de tus datos personales, salvo que tengamos una raz\u00f3n legal para conservarlos.<br>Retirar tu consentimiento para el uso de tus datos personales con fines promocionales en cualquier momento.<br>Para ejercer estos derechos, cont\u00e1ctanos.<\/p><\/div>\n<\/div>\n\n\n\n<div class=\"wp-block-uagb-container uagb-block-a481544a\">\n<div class=\"wp-block-uagb-advanced-heading uagb-block-2eb98a46\"><h3 class=\"uagb-heading-text\"><strong><strong>Compartici\u00f3n de la Informaci\u00f3n<\/strong><\/strong><\/h3><p class=\"uagb-desc-text\">No compartimos tu informaci\u00f3n personal con terceros, excepto en los siguientes casos:<br><strong>Proveedores de servicios:<\/strong>\u00a0Trabajamos con terceros que nos ayudan a gestionar nuestras campa\u00f1as publicitarias, formularios y almacenamiento de datos. Estas empresas tienen acceso limitado a la informaci\u00f3n solo para cumplir con sus funciones.<br><strong>Cumplimiento legal:<\/strong>\u00a0Podremos compartir informaci\u00f3n si es requerido por ley o para proteger nuestros derechos legales.<\/p><\/div>\n\n\n\n<div class=\"wp-block-uagb-advanced-heading uagb-block-f349c7a7\"><h3 class=\"uagb-heading-text\"><strong><strong><strong>Seguridad de los Datos<\/strong><\/strong><\/strong><\/h3><p class=\"uagb-desc-text\">Implementamos medidas t\u00e9cnicas y organizativas para proteger tus datos contra el acceso no autorizado, p\u00e9rdida o divulgaci\u00f3n. Sin embargo, ning\u00fan m\u00e9todo de transmisi\u00f3n o almacenamiento es completamente seguro, por lo que no podemos garantizar la seguridad absoluta.<\/p><\/div>\n\n\n\n<div class=\"wp-block-uagb-advanced-heading uagb-block-6b9646e8\"><h3 class=\"uagb-heading-text\"><strong>Uso de Cookies y Tecnolog\u00edas Similares<\/strong><\/h3><p class=\"uagb-desc-text\">Utilizamos cookies para mejorar la experiencia en nuestro sitio web y personalizar el contenido que mostramos. Puedes gestionar tus preferencias de cookies desde la configuraci\u00f3n de tu navegador.<br><\/p><\/div>\n\n\n\n<div class=\"wp-block-uagb-advanced-heading uagb-block-0b940a0f\"><h3 class=\"uagb-heading-text\"><strong><strong>Conservaci\u00f3n de Datos<\/strong><\/strong><\/h3><p class=\"uagb-desc-text\">Conservamos tus datos personales durante el tiempo necesario para cumplir con los fines descritos en estas pol\u00edticas, salvo que la ley requiera o permita un per\u00edodo de retenci\u00f3n m\u00e1s largo.<\/p><\/div>\n<\/div>\n<\/div><\/div>","protected":false},"excerpt":{"rendered":"<p>pol\u00edticas de privacidad Informaci\u00f3n que Recopilamos Recopilamos informaci\u00f3n personal que t\u00fa nos proporcionas de forma directa a trav\u00e9s de formularios, encuestas o interacciones con nuestras campa\u00f1as. Esto puede incluir: Nombre completo, Direcci\u00f3n de correo electr\u00f3nico, N\u00famero de tel\u00e9fono, Informaci\u00f3n sobre tus intereses o necesidades hipotecarias.Otra informaci\u00f3n relevante relacionada con asesoramiento financiero o vivienda. Uso de [&hellip;]<\/p>","protected":false},"author":3,"featured_media":0,"parent":0,"menu_order":0,"comment_status":"closed","ping_status":"closed","template":"","meta":{"_uag_custom_page_level_css":"","site-sidebar-layout":"default","site-content-layout":"","ast-site-content-layout":"default","site-content-style":"default","site-sidebar-style":"default","ast-global-header-display":"","ast-banner-title-visibility":"","ast-main-header-display":"","ast-hfb-above-header-display":"","ast-hfb-below-header-display":"","ast-hfb-mobile-header-display":"","site-post-title":"disabled","ast-breadcrumbs-content":"","ast-featured-img":"","footer-sml-layout":"","ast-disable-related-posts":"","theme-transparent-header-meta":"","adv-header-id-meta":"","stick-header-meta":"","header-above-stick-meta":"","header-main-stick-meta":"","header-below-stick-meta":"","astra-migrate-meta-layouts":"set","ast-page-background-enabled":"default","ast-page-background-meta":{"desktop":{"background-color":"var(--ast-global-color-4)","background-image":"","background-repeat":"repeat","background-position":"center center","background-size":"auto","background-attachment":"scroll","background-type":"","background-media":"","overlay-type":"","overlay-color":"","overlay-opacity":"","overlay-gradient":""},"tablet":{"background-color":"","background-image":"","background-repeat":"repeat","background-position":"center center","background-size":"auto","background-attachment":"scroll","background-type":"","background-media":"","overlay-type":"","overlay-color":"","overlay-opacity":"","overlay-gradient":""},"mobile":{"background-color":"","background-image":"","background-repeat":"repeat","background-position":"center center","background-size":"auto","background-attachment":"scroll","background-type":"","background-media":"","overlay-type":"","overlay-color":"","overlay-opacity":"","overlay-gradient":""}},"ast-content-background-meta":{"desktop":{"background-color":"var(--ast-global-color-5)","background-image":"","background-repeat":"repeat","background-position":"center center","background-size":"auto","background-attachment":"scroll","background-type":"","background-media":"","overlay-type":"","overlay-color":"","overlay-opacity":"","overlay-gradient":""},"tablet":{"background-color":"var(--ast-global-color-5)","background-image":"","background-repeat":"repeat","background-position":"center center","background-size":"auto","background-attachment":"scroll","background-type":"","background-media":"","overlay-type":"","overlay-color":"","overlay-opacity":"","overlay-gradient":""},"mobile":{"background-color":"var(--ast-global-color-5)","background-image":"","background-repeat":"repeat","background-position":"center center","background-size":"auto","background-attachment":"scroll","background-type":"","background-media":"","overlay-type":"","overlay-color":"","overlay-opacity":"","overlay-gradient":""}},"_joinchat":[],"footnotes":""},"class_list":["post-3","page","type-page","status-publish","hentry"],"uagb_featured_image_src":{"full":false,"thumbnail":false,"medium":false,"medium_large":false,"large":false,"1536x1536":false,"2048x2048":false,"trp-custom-language-flag":false,"woocommerce_thumbnail":false,"woocommerce_single":false,"woocommerce_gallery_thumbnail":false},"uagb_author_info":{"display_name":"meli","author_link":"https:\/\/nvg-realty.com\/en\/author\/meli\/"},"uagb_comment_info":0,"uagb_excerpt":"pol\u00edticas de privacidad Informaci\u00f3n que Recopilamos Recopilamos informaci\u00f3n personal que t\u00fa nos proporcionas de forma directa a trav\u00e9s de formularios, encuestas o interacciones con nuestras campa\u00f1as. Esto puede incluir: Nombre completo, Direcci\u00f3n de correo electr\u00f3nico, N\u00famero de tel\u00e9fono, Informaci\u00f3n sobre tus intereses o necesidades hipotecarias.Otra informaci\u00f3n relevante relacionada con asesoramiento financiero o vivienda. Uso de&hellip;","rttpg_featured_image_url":null,"rttpg_author":{"display_name":"meli","author_link":"https:\/\/nvg-realty.com\/en\/author\/meli\/"},"rttpg_comment":0,"rttpg_category":null,"rttpg_excerpt":"pol\u00edticas de privacidad Informaci\u00f3n que Recopilamos Recopilamos informaci\u00f3n personal que t\u00fa nos proporcionas de forma directa a trav\u00e9s de formularios, encuestas o interacciones con nuestras campa\u00f1as. Esto puede incluir: Nombre completo, Direcci\u00f3n de correo electr\u00f3nico, N\u00famero de tel\u00e9fono, Informaci\u00f3n sobre tus intereses o necesidades hipotecarias.Otra informaci\u00f3n relevante relacionada con asesoramiento financiero o vivienda. Uso de&hellip;","_links":{"self":[{"href":"https:\/\/nvg-realty.com\/en\/wp-json\/wp\/v2\/pages\/3","targetHints":{"allow":["GET"]}}],"collection":[{"href":"https:\/\/nvg-realty.com\/en\/wp-json\/wp\/v2\/pages"}],"about":[{"href":"https:\/\/nvg-realty.com\/en\/wp-json\/wp\/v2\/types\/page"}],"author":[{"embeddable":true,"href":"https:\/\/nvg-realty.com\/en\/wp-json\/wp\/v2\/users\/3"}],"replies":[{"embeddable":true,"href":"https:\/\/nvg-realty.com\/en\/wp-json\/wp\/v2\/comments?post=3"}],"version-history":[{"count":14,"href":"https:\/\/nvg-realty.com\/en\/wp-json\/wp\/v2\/pages\/3\/revisions"}],"predecessor-version":[{"id":1861,"href":"https:\/\/nvg-realty.com\/en\/wp-json\/wp\/v2\/pages\/3\/revisions\/1861"}],"wp:attachment":[{"href":"https:\/\/nvg-realty.com\/en\/wp-json\/wp\/v2\/media?parent=3"}],"curies":[{"name":"wp","href":"https:\/\/api.w.org\/{rel}","templated":true}]}}